{"id":27,"date":"2025-08-28T15:17:12","date_gmt":"2025-08-28T15:17:12","guid":{"rendered":"https:\/\/st-kosmetik.de\/?page_id=27"},"modified":"2025-09-21T16:20:42","modified_gmt":"2025-09-21T16:20:42","slug":"datenschutz","status":"publish","type":"page","link":"https:\/\/st-kosmetik.de\/?page_id=27","title":{"rendered":"Datenschutz"},"content":{"rendered":"\t\t<div data-elementor-type=\"wp-page\" data-elementor-id=\"27\" class=\"elementor elementor-27\">\n\t\t\t\t<div class=\"elementor-element elementor-element-b7a9f6c e-flex e-con-boxed e-con e-parent\" data-id=\"b7a9f6c\" data-element_type=\"container\" data-e-type=\"container\">\n\t\t\t\t\t<div class=\"e-con-inner\">\n\t\t\t\t<div class=\"elementor-element elementor-element-f4a1d50 elementor-widget elementor-widget-text-editor\" data-id=\"f4a1d50\" data-element_type=\"widget\" data-e-type=\"widget\" data-widget_type=\"text-editor.default\">\n\t\t\t\t<div class=\"elementor-widget-container\">\n\t\t\t\t\t\t\t\t\t<p>Personenbezogene Daten (nachfolgend zumeist nur \u201eDaten\u201c genannt) werden von uns nur im Rahmen der Erforderlichkeit sowie zum Zwecke der Bereitstellung eines funktionsf\u00e4higen und nutzerfreundlichen Internetauftritts, inklusive seiner Inhalte und der dort angebotenen Leistungen, verarbeitet.<\/p><p>Gem\u00e4\u00df Art. 4 Ziffer 1. der Verordnung (EU) 2016\/679, also der Datenschutz-Grundverordnung (nachfolgend nur \u201eDSGVO\u201c genannt), gilt als \u201eVerarbeitung\u201c jeder mit oder ohne Hilfe automatisierter Verfahren ausgef\u00fchrter Vorgang oder jede solche Vorgangsreihe im Zusammenhang mit personenbezogenen Daten, wie das Erheben, das Erfassen, die Organisation, das Ordnen, die Speicherung, die Anpassung oder Ver\u00e4nderung, das Auslesen, das Abfragen, die Verwendung, die Offenlegung durch \u00dcbermittlung, Verbreitung oder eine andere Form der Bereitstellung, den Abgleich oder die Verkn\u00fcpfung, die Einschr\u00e4nkung, das L\u00f6schen oder die Vernichtung.<\/p><p>Mit der nachfolgenden Datenschutzerkl\u00e4rung informieren wir Sie insbesondere \u00fcber Art, Umfang, Zweck, Dauer und Rechtsgrundlage der Verarbeitung personenbezogener Daten, soweit wir entweder allein oder gemeinsam mit anderen \u00fcber die Zwecke und Mittel der Verarbeitung entscheiden. Zudem informieren wir Sie nachfolgend \u00fcber die von uns zu Optimierungszwecken sowie zur Steigerung der Nutzungsqualit\u00e4t eingesetzten Fremdkomponenten, soweit hierdurch Dritte Daten in wiederum eigener Verantwortung verarbeiten.<\/p><p>Unsere Datenschutzerkl\u00e4rung ist wie folgt gegliedert:<\/p><p>I. Informationen \u00fcber uns als Verantwortliche<br \/>II. Rechte der Nutzer und Betroffenen<br \/>III. Informationen zur Datenverarbeitung<\/p><h3 class=\"wp-block-heading\">I. Informationen \u00fcber uns als Verantwortliche<\/h3><p>Verantwortlicher Anbieter dieses Internetauftritts im datenschutzrechtlichen Sinne und Datenschutzbeauftragter ist:<\/p><p>Silvital &#8211; Das Kosmetikstudio am Dautzsch<br \/>Silvia Trienitz<br \/>Haferweg 9<br \/>06116 Halle<\/p><p>Telefon: 0345 9773778<br \/>E-Mail: info@st-kosmetik.de<\/p><p><span style=\"color: #333333; font-size: 18px; font-weight: 600;\">II. Rechte der Nutzer und Betroffenen<\/span><\/p><p>Mit Blick auf die nachfolgend noch n\u00e4her beschriebene Datenverarbeitung haben die Nutzer und Betroffenen das Recht<\/p><ul class=\"wp-block-list\"><li>auf Best\u00e4tigung, ob Sie betreffende Daten verarbeitet werden, auf Auskunft \u00fcber die verarbeiteten Daten, auf weitere Informationen \u00fcber die Datenverarbeitung sowie auf Kopien der Daten (vgl. auch Art. 15 DSGVO);<\/li><li>auf Berichtigung oder Vervollst\u00e4ndigung unrichtiger bzw. unvollst\u00e4ndiger Daten (vgl. auch Art. 16 DSGVO);<\/li><li>auf unverz\u00fcgliche L\u00f6schung der sie betreffenden Daten (vgl. auch Art. 17 DSGVO), oder, alternativ, soweit eine weitere Verarbeitung gem\u00e4\u00df Art. 17 Abs. 3 DSGVO erforderlich ist, auf Einschr\u00e4nkung der Verarbeitung nach Ma\u00dfgabe von Art. 18 DSGVO;<\/li><li>auf Erhalt der Sie betreffenden und von Ihnen bereitgestellten Daten und auf \u00dcbermittlung dieser Daten an andere Anbieter\/Verantwortliche (vgl. auch Art. 20 DSGVO);<\/li><li>auf Beschwerde gegen\u00fcber der Aufsichtsbeh\u00f6rde, sofern Sie der Ansicht sind, dass die Sie betreffenden Daten durch den Anbieter unter Versto\u00df gegen datenschutzrechtliche Bestimmungen verarbeitet werden (vgl. auch Art. 77 DSGVO).<\/li><\/ul><p>Dar\u00fcber hinaus ist der Anbieter dazu verpflichtet, alle Empf\u00e4nger, denen gegen\u00fcber Daten durch den Anbieter offengelegt worden sind, \u00fcber jedwede Berichtigung oder L\u00f6schung von Daten oder die Einschr\u00e4nkung der Verarbeitung, die aufgrund der Artikel 16, 17 Abs. 1, 18 DSGVO erfolgt, zu unterrichten. Diese Verpflichtung besteht jedoch nicht, soweit diese Mitteilung unm\u00f6glich oder mit einem unverh\u00e4ltnism\u00e4\u00dfigen Aufwand verbunden ist. Unbeschadet dessen hat der Nutzer ein Recht auf Auskunft \u00fcber diese Empf\u00e4nger.<\/p><p><strong>Ebenfalls haben die Nutzer und Betroffenen nach Art. 21 DSGVO das Recht auf Widerspruch gegen die k\u00fcnftige Verarbeitung der sie betreffenden Daten, sofern die Daten durch den Anbieter nach Ma\u00dfgabe von Art. 6 Abs. 1 lit. f) DSGVO verarbeitet werden. Insbesondere ist ein Widerspruch gegen die Datenverarbeitung zum Zwecke der Direktwerbung statthaft.<\/strong><\/p><h3 class=\"wp-block-heading\">III. Informationen zur Datenverarbeitung<\/h3><p>Ihre bei Nutzung unseres Internetauftritts verarbeiteten Daten werden gel\u00f6scht oder gesperrt, sobald der Zweck der Speicherung entf\u00e4llt, der L\u00f6schung der Daten keine gesetzlichen Aufbewahrungspflichten entgegenstehen und nachfolgend keine anderslautenden Angaben zu einzelnen Verarbeitungsverfahren gemacht werden.<\/p><h4 class=\"jet-listing-dynamic-field__content\">Cookie Manager<\/h4><p>Zur Einholung einer Einwilligung zum Einsatz von technisch nicht notwendigen Cookies auf der Website, setzt der Anbieter einen Cookie-Manager ein.\u00a0<span style=\"font-size: 14px;\">Bei dem Aufruf der Website wird ein Cookie mit den Einstellungsinformationen auf dem Endger\u00e4t des Nutzers abgelegt, sodass bei einem weiteren Besuch die Abfrage in Bezug auf die Einwilligung nicht erfolgen muss.\u00a0<\/span><span style=\"font-size: 14px;\">Das Cookie ist erforderlich um eine rechtskonforme Einwilligung des Nutzers einzuholen.\u00a0<\/span><span style=\"font-size: 14px;\">Die Installation der Cookies kann der Nutzer durch Einstellungen seines Browsers verhindern bzw. beenden.<\/span><\/p><h4 class=\"jet-listing-dynamic-field__content\">Cookies<\/h4><h5>a) Sitzungs-Cookies\/Session-Cookies<\/h5><p>Wir verwenden mit unserem Internetauftritt sog. Cookies. Cookies sind kleine Textdateien oder andere Speichertechnologien, die durch den von Ihnen eingesetzten Internet-Browser auf Ihrem Endger\u00e4t ablegt und gespeichert werden. Durch diese Cookies werden im individuellen Umfang bestimmte Informationen von Ihnen, wie beispielsweise Ihre Browser- oder Standortdaten oder Ihre IP-Adresse, verarbeitet.\u00a0<span style=\"font-size: 14px;\">Durch diese Verarbeitung wird unser Internetauftritt benutzerfreundlicher, effektiver und sicherer, da die Verarbeitung bspw. die Wiedergabe unseres Internetauftritts in unterschiedlichen Sprachen oder das Angebot einer Warenkorbfunktion erm\u00f6glicht.\u00a0<\/span><span style=\"font-size: 14px;\">Rechtsgrundlage dieser Verarbeitung ist Art. 6 Abs. 1 lit b.) DSGVO, sofern diese Cookies Daten zur Vertragsanbahnung oder Vertragsabwicklung verarbeitet werden.\u00a0<\/span><span style=\"font-size: 14px;\">Falls die Verarbeitung nicht der Vertragsanbahnung oder Vertragsabwicklung dient, liegt unser berechtigtes Interesse in der Verbesserung der Funktionalit\u00e4t unseres Internetauftritts. Rechtsgrundlage ist in dann Art. 6 Abs. 1 lit. f) DSGVO.\u00a0<\/span><span style=\"font-size: 14px;\">Mit Schlie\u00dfen Ihres Internet-Browsers werden diese Session-Cookies gel\u00f6scht.<\/span><\/p><h5>b) Drittanbieter-Cookies<\/h5><p>Gegebenenfalls werden mit unserem Internetauftritt auch Cookies von Partnerunternehmen, mit denen wir zum Zwecke der Werbung, der Analyse oder der Funktionalit\u00e4ten unseres Internetauftritts zusammenarbeiten, verwendet.\u00a0<span style=\"font-size: 14px;\">Die Einzelheiten hierzu, insbesondere zu den Zwecken und den Rechtsgrundlagen der Verarbeitung solcher Drittanbieter-Cookies, entnehmen Sie bitte den nachfolgenden Informationen.<\/span><\/p><h5>c) Beseitigungsm\u00f6glichkeit<\/h5><p>Sie k\u00f6nnen die Installation der Cookies durch eine Einstellung Ihres Internet-Browsers verhindern oder einschr\u00e4nken. Ebenfalls k\u00f6nnen Sie bereits gespeicherte Cookies jederzeit l\u00f6schen. Die hierf\u00fcr erforderlichen Schritte und Ma\u00dfnahmen h\u00e4ngen jedoch von Ihrem konkret genutzten Internet-Browser ab. Bei Fragen benutzen Sie daher bitte die Hilfefunktion oder Dokumentation Ihres Internet-Browsers oder wenden sich an dessen Hersteller bzw. Support. Bei sog. Flash-Cookies kann die Verarbeitung allerdings nicht \u00fcber die Einstellungen des Browsers unterbunden werden. Stattdessen m\u00fcssen Sie insoweit die Einstellung Ihres Flash-Players \u00e4ndern. Auch die hierf\u00fcr erforderlichen Schritte und Ma\u00dfnahmen h\u00e4ngen von Ihrem konkret genutzten Flash-Player ab. Bei Fragen benutzen Sie daher bitte ebenso die Hilfefunktion oder Dokumentation Ihres Flash-Players oder wenden sich an den Hersteller bzw. Benutzer-Support.\u00a0<span style=\"font-size: 14px;\">Sollten Sie die Installation der Cookies verhindern oder einschr\u00e4nken, kann dies allerdings dazu f\u00fchren, dass nicht s\u00e4mtliche Funktionen unseres Internetauftritts vollumf\u00e4nglich nutzbar sind.<\/span><\/p><h4 class=\"jet-listing-dynamic-field__content\">Google Analytics<\/h4><p>Wir nutzen auf unserer Webseite Google Analytics, einen Webanalysedienst der Firma Google Ireland Limited, Gordon House, Barrow Street, Dublin 4, Irland, einem Tochterunternehmen der Google LLC, 1600 Amphitheatre Parkway, Mountain View, CA 94043 USA, nachfolgend \u201eGoogle\u201c.\u00a0<span style=\"font-size: 14px;\">Google Analytics hilft uns dabei, die Nutzung der Website zu analysieren und die Effektivit\u00e4t unserer Marketing-Kampagnen zu messen. Rechtsgrundlage ist hierbei Art. 6 Abs. 1 lit. a DSGVO. Der Nutzer kann seine Einwilligung zur Nutzung von Google Analytics gem\u00e4\u00df Art. 7 Abs. 3 DSGVO jederzeit \u00fcber die \u201eCookie-Einstellungen\u201c unserer Webseite f\u00fcr die Zukunft widerrufen.\u00a0<\/span><span style=\"font-size: 14px;\">Informationen wie Zeit, Ort und H\u00e4ufigkeit der Webseitenbesuche sowie Interaktionen mit der Webseite (z. B. Klickpfade, gesehene\/angeklickte Anzeigen, Klicks auf Links) einschlie\u00dflich der IP-Adresse des Nutzers werden an einen Server von Google in den USA \u00fcbertragen und dort l\u00e4ngstens f\u00fcr 2 Monate gespeichert.<\/span><span style=\"font-size: 14px;\">Google LLC ist Teil des \u201eData Privacy Framework\u201c, f\u00fcr das die EU-Kommission einen Angemessenheitsbeschluss gem\u00e4\u00df Art. 45 DSGVO erlassen hat:<\/span><\/p><p><a href=\"https:\/\/www.dataprivacyframework.gov\/list\" target=\"_blank\" rel=\"nofollow noopener\">https:\/\/www.dataprivacyframework.gov\/list<\/a><\/p><p>Google erfasst zudem \u201edemografische Merkmale\u201c und kann Statistiken erstellen, die Aussagen \u00fcber Alter, Geschlecht und Interessen der Seitenbesucher erm\u00f6glichen. Dies erfolgt durch die automatisierte Analyse von Werbung und Informationen von Drittanbietern.\u00a0<span style=\"font-size: 14px;\">Falls der Nutzer in seinem Google-Konto personalisierte Anzeigen aktiviert hat und Google Analytics zustimmt, kann Google das Nutzungsverhalten ger\u00e4te\u00fcbergreifend analysieren \u2013 also bezogen auf alle Ger\u00e4te, die der Nutzer mit seinem Google-Konto verkn\u00fcpft hat. Google erstellt dabei Modelle zu ger\u00e4te\u00fcbergreifenden Conversions; uns werden hierzu nur anonyme Statistiken \u00fcbermittelt, keine personenbezogenen Daten.\u00a0<\/span><span style=\"font-size: 14px;\">M\u00f6chte der Nutzer diese ger\u00e4te\u00fcbergreifende Analyse deaktivieren, kann er die Funktion \u201ePersonalisierte Werbung\u201c in den Einstellungen seines Google-Kontos unter folgendem Link ausschalten:<\/span><\/p><p><a href=\"https:\/\/support.google.com\/ads\/answer\/2662922?hl=de\" target=\"_blank\" rel=\"nofollow noopener\">https:\/\/support.google.com\/ads\/answer\/2662922?hl=de<\/a><\/p><p>Wir setzen Google Analytics mit einer Anonymisierungsfunktion ein. Dadurch wird die IP-Adresse des Nutzers von Google innerhalb der EU-Mitgliedstaaten oder in anderen Vertragsstaaten des EWR-Abkommens gek\u00fcrzt.\u00a0<span style=\"font-size: 14px;\">Google verwendet die erhobenen Daten, um den Webseitenbesuch des Nutzers auszuwerten und f\u00fcr uns Berichte \u00fcber die Websiteaktivit\u00e4ten zusammenzustellen. Die Daten werden au\u00dferdem genutzt, um weitere Dienstleistungen im Zusammenhang mit der Website- und Internetnutzung zu erbringen. Google kann diese Informationen gegebenenfalls an Dritte weitergeben, sofern gesetzlich erforderlich oder wenn Dritte diese Daten im Auftrag von Google verarbeiten.\u00a0<\/span><span style=\"font-size: 14px;\">Laut eigenen Angaben wird Google in keinem Fall die IP-Adresse des Nutzers mit anderen Daten von Google verkn\u00fcpfen. Weiterf\u00fchrende Informationen und M\u00f6glichkeiten zur Unterbindung der Datennutzung bietet Google hier:<\/span><\/p><p><a href=\"https:\/\/www.google.com\/intl\/de\/policies\/privacy\/partners\" target=\"_blank\" rel=\"nofollow noopener\">https:\/\/www.google.com\/intl\/de\/policies\/privacy\/partners<\/a><\/p><p>Falls der Nutzer mit der Erfassung nicht einverstanden ist, kann er diese auch durch die einmalige Installation des Browser-Add-ons zur Deaktivierung von Google Analytics unterbinden.<\/p><h4 class=\"jet-listing-dynamic-field__content\">Google-Maps<\/h4><p>In unserem Internetauftritt setzen wir Google Maps zur Darstellung unseres Standorts sowie zur Erstellung einer Anfahrtsbeschreibung ein. Es handelt sich hierbei um einen Dienst der Google Ireland Limited, Gordon House, Barrow Street, Dublin 4, Irland, nachfolgend nur \u201eGoogle\u201c genannt.\u00a0<span style=\"font-size: 14px;\">Sofern Sie die in unseren Internetauftritt eingebundene Komponente Google Maps aufrufen, speichert Google \u00fcber Ihren Internet-Browser ein Cookie auf Ihrem Endger\u00e4t. Um unseren Standort anzuzeigen und eine Anfahrtsbeschreibung zu erstellen, werden Ihre Nutzereinstellungen und -daten verarbeitet. Hierbei k\u00f6nnen wir nicht ausschlie\u00dfen, dass Google Server in den USA einsetzt.\u00a0<\/span><span style=\"font-size: 14px;\">Im Falle einer von Ihnen erteilten Einwilligung f\u00fcr diese Verarbeitung ist Rechtsgrundlage Art. 6 Abs. 1 lit. a DSGVO. Rechtsgrundlage kann auch Art. 6 Abs. 1 lit. f DSGVO sein. Unser berechtigtes Interesse liegt in der Optimierung der Funktionalit\u00e4t unseres Internetauftritts.\u00a0<\/span><span style=\"font-size: 14px;\">Durch die so hergestellte Verbindung zu Google kann Google ermitteln, von welcher Website Ihre Anfrage gesendet worden ist und an welche IP-Adresse die Anfahrtsbeschreibung zu \u00fcbermitteln ist.\u00a0<\/span><span style=\"font-size: 14px;\">Sofern Sie mit dieser Verarbeitung nicht einverstanden sind, haben Sie die M\u00f6glichkeit, die Installation der Cookies durch die entsprechenden Einstellungen in Ihrem Internet-Browser zu verhindern. Einzelheiten hierzu finden Sie vorstehend unter dem Punkt \u201eCookies\u201c.\u00a0<\/span><span style=\"font-size: 14px;\">Zudem erfolgt die Nutzung von Google Maps sowie der \u00fcber Google Maps erlangten Informationen nach den\u00a0<\/span><a style=\"font-size: 14px; background-color: #ffffff;\" href=\"https:\/\/policies.google.com\/terms?gl=DE&amp;hl=de\" target=\"_blank\" rel=\"nofollow noopener\">Google-Nutzungsbedingungen<\/a><span style=\"font-size: 14px;\">\u00a0 und den\u00a0<\/span><a style=\"font-size: 14px; background-color: #ffffff;\" href=\"https:\/\/www.google.com\/intl\/de_de\/help\/terms_maps.html\" target=\"_blank\" rel=\"nofollow noopener\">Gesch\u00e4ftsbedingungen f\u00fcr Google Maps<\/a><span style=\"font-size: 14px;\">\u00a0.<\/span><\/p><p>\u00dcberdies bietet Google unter<br \/><a style=\"font-size: 14px; background-color: #ffffff;\" href=\"https:\/\/adssettings.google.com\/authenticated\" target=\"_blank\" rel=\"nofollow noopener\">https:\/\/adssettings.google.com\/authenticated<\/a><br \/><a style=\"font-size: 14px; background-color: #ffffff;\" href=\"https:\/\/policies.google.com\/privacy\" target=\"_blank\" rel=\"nofollow noopener\">https:\/\/policies.google.com\/privacy<\/a><br \/><span style=\"font-size: 14px;\">weitergehende Informationen an.<\/span><\/p><h4 class=\"jet-listing-dynamic-field__content\">OpenStreetMap<\/h4><p>F\u00fcr Anfahrtsbeschreibungen setzen wir OpenStreetMap, einen Dienst der OpenStreetMap Foundation, St John\u2019s Innovation Centre, Cowley Road, Cambridge, CB 4 0 WS, United Kingdom, nachfolgend nur \u201eOpenStreetMap\u201c genannt, ein.\u00a0<span style=\"font-size: 14px;\">Bei Aufruf einer unserer Internetseiten, in die der Dienst OpenStreetMap eingebunden ist, wird durch OpenStreetMap ein Cookie \u00fcber Ihren Internet-Browser auf Ihrem Endger\u00e4t gespeichert. Hierdurch werden Ihre Nutzereinstellungen und Nutzerdaten zum Zwecke der Anzeige der Seite bzw. zur Gew\u00e4hrleistung der Funktionalit\u00e4t des Dienstes OpenStreetMap verarbeitet. Durch diese Verarbeitung kann OpenStreetMap erkennen, von welcher Internetseite Ihre Anfrage gesendet worden ist und an welche IP- Adresse die Darstellung der Anfahrt \u00fcbermittelt werden soll.\u00a0<\/span><span style=\"font-size: 14px;\">Im Falle einer von Ihnen erteilten Einwilligung f\u00fcr diese Verarbeitung ist Rechtsgrundlage Art. 6 Abs. 1 lit. a DSGVO. Rechtsgrundlage kann auch Art. 6 Abs. 1 lit. f DSGVO sein. Unser berechtigtes Interesse liegt in der Optimierung und dem wirtschaftlichen Betrieb unseres Internetauftritts.\u00a0<\/span><span style=\"font-size: 14px;\">Sofern Sie mit dieser Verarbeitung nicht einverstanden sind, haben Sie die M\u00f6glichkeit, die Installation der Cookies durch die entsprechenden Einstellungen in Ihrem Internet-Browser zu verhindern. Einzelheiten hierzu finden Sie vorstehend unter dem Punkt \u201eCookies\u201c.<\/span><\/p><p>OpenStreetMap bietet unter\u00a0<a style=\"font-size: 14px; background-color: #ffffff;\" href=\"https:\/\/wiki.osmfoundation.org\/wiki\/Privacy_Policy\" target=\"_blank\" rel=\"noopener nofollow\">https:\/\/wiki.osmfoundation.org\/wiki\/Privacy_Policy<\/a>\u00a0<span style=\"font-size: 14px;\">weitere Informationen zur Erhebung und Nutzung der Daten sowie zu Ihren Rechten und M\u00f6glichkeiten zum Schutz Ihrer Privatsph\u00e4re an.<\/span><\/p><h4 class=\"jet-listing-dynamic-field__content\">Google AdWords mit Conversion-Tracking<\/h4><p>In unserem Internetauftritt setzen wir die Werbe-Komponente Google AdWords und dabei das sog. Conversion-Tracking ein. Es handelt sich hierbei um einen Dienst der Google Ireland Limited, Gordon House, Barrow Street, Dublin 4, Irland, nachfolgend nur \u201eGoogle\u201c genannt.\u00a0<span style=\"font-size: 14px;\">Wir nutzen das Conversion-Tracking zur zielgerichteten Bewerbung unseres Angebots. Im Falle einer von Ihnen erteilten Einwilligung f\u00fcr diese Verarbeitung ist Rechtsgrundlage Art. 6 Abs. 1 lit. a DSGVO. Rechtsgrundlage kann auch Art. 6 Abs. 1 lit. f DSGVO sein. Unser berechtigtes Interesse liegt in der Analyse, Optimierung und dem wirtschaftlichen Betrieb unseres Internetauftritts.\u00a0<\/span><span style=\"font-size: 14px;\">Falls Sie auf eine von Google geschaltete Anzeige klicken, speichert das von uns eingesetzte Conversion-Tracking ein Cookie auf Ihrem Endger\u00e4t. Diese sog. Conversion-Cookies verlieren mit Ablauf von 30 Tagen ihre G\u00fcltigkeit und dienen im \u00dcbrigen nicht Ihrer pers\u00f6nlichen Identifikation.\u00a0<\/span><span style=\"font-size: 14px;\">Sofern das Cookie noch g\u00fcltig ist und Sie eine bestimmte Seite unseres Internetauftritts besuchen, k\u00f6nnen sowohl wir als auch Google auswerten, dass Sie auf eine unserer bei Google platzierten Anzeigen geklickt haben und dass Sie anschlie\u00dfend auf unseren Internetauftritt weitergeleitet worden sind.\u00a0<\/span><span style=\"font-size: 14px;\">Durch die so eingeholten Informationen erstellt Google uns eine Statistik \u00fcber den Besuch unseres Internetauftritts. Zudem erhalten wir hierdurch Informationen \u00fcber die Anzahl der Nutzer, die auf unsere Anzeige(n) geklickt haben sowie \u00fcber die anschlie\u00dfend aufgerufenen Seiten unseres Internetauftritts. Weder wir noch Dritte, die ebenfalls Google-AdWords einsetzten, werden hierdurch allerdings in die Lage versetzt, Sie auf diesem Wege zu identifizieren.\u00a0<\/span><span style=\"font-size: 14px;\">Durch die entsprechenden Einstellungen Ihres Internet-Browsers k\u00f6nnen Sie zudem die Installation der Cookies verhindern oder einschr\u00e4nken. Gleichzeitig k\u00f6nnen Sie bereits gespeicherte Cookies jederzeit l\u00f6schen. Die hierf\u00fcr erforderlichen Schritte und Ma\u00dfnahmen h\u00e4ngen jedoch von Ihrem konkret genutzten Internet-Browser ab. Bei Fragen benutzen Sie daher bitte die Hilfefunktion oder Dokumentation Ihres Internet-Browsers oder wenden sich an dessen Hersteller bzw. Support.<\/span><\/p><p>Ferner bietet auch Google unter<br \/><a style=\"font-size: 14px; background-color: #ffffff;\" href=\"https:\/\/services.google.com\/sitestats\/de.html\" target=\"_blank\" rel=\"noopener nofollow\">https:\/\/services.google.com\/sitestats\/de.html<\/a><br \/><a style=\"font-size: 14px; background-color: #ffffff;\" href=\"https:\/\/www.google.com\/policies\/technologies\/ads\/\" target=\"_blank\" rel=\"noopener nofollow\">https:\/\/www.google.com\/policies\/technologies\/ads\/<\/a><br \/><a style=\"font-size: 14px; background-color: #ffffff;\" href=\"http:\/\/www.google.de\/policies\/privacy\/\" target=\"_blank\" rel=\"noopener nofollow\">http:\/\/www.google.de\/policies\/privacy\/<\/a><br \/><span style=\"font-size: 14px;\">weitergehende Informationen zu diesem Thema und dabei insbesondere zu den M\u00f6glichkeiten der Unterbindung der Datennutzung an.<\/span><\/p><p><a href=\"https:\/\/www.xn--generator-datenschutzerklrung-pqc.de\/\" target=\"_blank\" rel=\"noopener\">Muster-Datenschutzerkl\u00e4rung<\/a>\u00a0der\u00a0<a href=\"https:\/\/www.xn--bewertung-lschen24-n3b.de\/\" target=\"_blank\" rel=\"nofollow noopener\">Anwaltskanzlei Wei\u00df &amp; Partner<\/a><\/p>\t\t\t\t\t\t\t\t<\/div>\n\t\t\t\t<\/div>\n\t\t\t\t\t<\/div>\n\t\t\t\t<\/div>\n\t\t\t\t<\/div>\n\t\t","protected":false},"excerpt":{"rendered":"<p>Personenbezogene Daten (nachfolgend zumeist nur \u201eDaten\u201c genannt) werden von uns nur im Rahmen der Erforderlichkeit sowie zum Zwecke der Bereitstellung [&hellip;]<\/p>\n","protected":false},"author":1,"featured_media":0,"parent":0,"menu_order":0,"comment_status":"closed","ping_status":"closed","template":"","meta":{"site-sidebar-layout":"default","site-content-layout":"","ast-site-content-layout":"default","site-content-style":"default","site-sidebar-style":"default","ast-global-header-display":"","ast-banner-title-visibility":"","ast-main-header-display":"","ast-hfb-above-header-display":"","ast-hfb-below-header-display":"","ast-hfb-mobile-header-display":"","site-post-title":"","ast-breadcrumbs-content":"","ast-featured-img":"","footer-sml-layout":"","ast-disable-related-posts":"","theme-transparent-header-meta":"","adv-header-id-meta":"","stick-header-meta":"","header-above-stick-meta":"","header-main-stick-meta":"","header-below-stick-meta":"","astra-migrate-meta-layouts":"default","ast-page-background-enabled":"default","ast-page-background-meta":{"desktop":{"background-color":"var(--ast-global-color-5)","background-image":"","background-repeat":"repeat","background-position":"center center","background-size":"auto","background-attachment":"scroll","background-type":"","background-media":"","overlay-type":"","overlay-color":"","overlay-opacity":"","overlay-gradient":""},"tablet":{"background-color":"","background-image":"","background-repeat":"repeat","background-position":"center center","background-size":"auto","background-attachment":"scroll","background-type":"","background-media":"","overlay-type":"","overlay-color":"","overlay-opacity":"","overlay-gradient":""},"mobile":{"background-color":"","background-image":"","background-repeat":"repeat","background-position":"center center","background-size":"auto","background-attachment":"scroll","background-type":"","background-media":"","overlay-type":"","overlay-color":"","overlay-opacity":"","overlay-gradient":""}},"ast-content-background-meta":{"desktop":{"background-color":"var(--ast-global-color-4)","background-image":"","background-repeat":"repeat","background-position":"center center","background-size":"auto","background-attachment":"scroll","background-type":"","background-media":"","overlay-type":"","overlay-color":"","overlay-opacity":"","overlay-gradient":""},"tablet":{"background-color":"var(--ast-global-color-4)","background-image":"","background-repeat":"repeat","background-position":"center center","background-size":"auto","background-attachment":"scroll","background-type":"","background-media":"","overlay-type":"","overlay-color":"","overlay-opacity":"","overlay-gradient":""},"mobile":{"background-color":"var(--ast-global-color-4)","background-image":"","background-repeat":"repeat","background-position":"center center","background-size":"auto","background-attachment":"scroll","background-type":"","background-media":"","overlay-type":"","overlay-color":"","overlay-opacity":"","overlay-gradient":""}},"footnotes":""},"class_list":["post-27","page","type-page","status-publish","hentry"],"_links":{"self":[{"href":"https:\/\/st-kosmetik.de\/index.php?rest_route=\/wp\/v2\/pages\/27","targetHints":{"allow":["GET"]}}],"collection":[{"href":"https:\/\/st-kosmetik.de\/index.php?rest_route=\/wp\/v2\/pages"}],"about":[{"href":"https:\/\/st-kosmetik.de\/index.php?rest_route=\/wp\/v2\/types\/page"}],"author":[{"embeddable":true,"href":"https:\/\/st-kosmetik.de\/index.php?rest_route=\/wp\/v2\/users\/1"}],"replies":[{"embeddable":true,"href":"https:\/\/st-kosmetik.de\/index.php?rest_route=%2Fwp%2Fv2%2Fcomments&post=27"}],"version-history":[{"count":10,"href":"https:\/\/st-kosmetik.de\/index.php?rest_route=\/wp\/v2\/pages\/27\/revisions"}],"predecessor-version":[{"id":67,"href":"https:\/\/st-kosmetik.de\/index.php?rest_route=\/wp\/v2\/pages\/27\/revisions\/67"}],"wp:attachment":[{"href":"https:\/\/st-kosmetik.de\/index.php?rest_route=%2Fwp%2Fv2%2Fmedia&parent=27"}],"curies":[{"name":"wp","href":"https:\/\/api.w.org\/{rel}","templated":true}]}}